{"id":26869,"date":"2023-09-20T05:42:48","date_gmt":"2023-09-20T03:42:48","guid":{"rendered":"https:\/\/www.groupepvcp.com\/digital-accessibility\/"},"modified":"2026-04-08T19:34:35","modified_gmt":"2026-04-08T17:34:35","slug":"digital-accessibility","status":"publish","type":"page","link":"https:\/\/www.groupepvcp.com\/en\/digital-accessibility\/","title":{"rendered":"Digital accessibility"},"content":{"rendered":"<div class=\"detail-cms\" id=\"\">\r\n\r\n    <div class=\"wrapper__inside\">\r\n                <h1 class=\"wp-block-heading\">Groupe Pierre &amp; Vacances-Center Parcs s\u2019engage<\/h1>\n<p><!-- \/wp:heading --> <!-- wp:paragraph --><\/p>\n<p>Soucieux de proposer la meilleure exp\u00e9rience possible \u00e0 tous ses utilisateurs, <strong>Groupe Pierre &amp; Vacances-Center Parcs<\/strong> rend accessible la navigation de son site pour les personnes en situation de handicap.<\/p>\n<p><!-- \/wp:paragraph --> <!-- wp:paragraph --><\/p>\n<p>Nous sommes fermement convaincus que le web devrait \u00eatre disponible et accessible \u00e0 tous, et nous nous engageons \u00e0 fournir un site web accessible au plus grand nombre, quelles que soient les circonstances et les capacit\u00e9s. Dans une d\u00e9marche d\u2019optimisation constante s\u2019inscrivant dans la politique g\u00e9n\u00e9rale du groupe en faveur de la diversit\u00e9, nous nous sommes associ\u00e9s \u00e0 AccessiWay.<\/p>\n<p>Avec cette collaboration, nous souhaitons nous inscrire dans cette d\u00e9marche citoyenne et solidaire sur du long terme.<br \/>\nDurant cette transition digitale et avec le soutien d\u2019AccessiWay, nous nous engageons pour les ann\u00e9es \u00e0 venir \u00e0 am\u00e9liorer l\u2019accessibilit\u00e9 num\u00e9rique de notre site.<\/p>\n<p><!-- \/wp:paragraph --> <!-- wp:paragraph --><\/p>\n<p>En date du 29\/09\/2023, le site <a href=\"https:\/\/www.groupepvcp.com\/\">https:\/\/www.groupepvcp.com\/<\/a> poss\u00e8de un taux de conformit\u00e9 au RGAA 4.1 de <strong>68,66%<\/strong> et est <strong>partiellement conforme.<\/strong><\/p>\n<p><a href=\"https:\/\/www.groupepvcp.com\/declaration-accessibilite\/\">Voir la d\u00e9claration d\u2019accessibilit\u00e9 &gt;<\/a><\/p>\n<h2><strong><br \/>\nQu\u2019est-ce que l&#8217;accessibilit\u00e9 num\u00e9rique ?<\/strong><\/h2>\n<p>L\u2019accessibilit\u00e9 num\u00e9rique signifie que les personnes en situation de handicap peuvent utiliser le Web. Plus pr\u00e9cis\u00e9ment, qu&#8217;elles peuvent percevoir, comprendre, naviguer et interagir avec le Web, et qu&#8217;elles peuvent contribuer sur le Web.<br \/>\nL&#8217;accessibilit\u00e9 num\u00e9rique b\u00e9n\u00e9ficie aussi \u00e0 d&#8217;autres, notamment les personnes \u00e2g\u00e9es dont les capacit\u00e9s changent avec l&#8217;\u00e2ge. L&#8217;accessibilit\u00e9 du Web comprend tous les handicaps qui affectent l&#8217;acc\u00e8s, qu\u2019ils soient visuels, cognitifs ou moteurs.<br \/>\nUn site web accessible permet par exemple de :<\/p>\n<ul>\n<li>naviguer avec une synth\u00e8se vocale et\/ou une plage braille (notamment utilis\u00e9es par les personnes aveugles et malvoyantes) ;<\/li>\n<li>personnaliser l\u2019affichage du site selon ses besoins (grossissement des caract\u00e8res, modification des couleurs, etc.) ;<\/li>\n<li>naviguer sans utiliser la souris (avec le clavier uniquement, via un \u00e9cran tactile, \u00e0 la voix ou tout autre p\u00e9riph\u00e9rique adapt\u00e9).<br \/>\nPour cela, le site doit respecter les normes en vigueur lors de sa r\u00e9alisation et de ses mises \u00e0 jour.<\/li>\n<\/ul>\n<h2><strong><br \/>\nAide \u00e0 la navigation par AccessWidget<\/strong><\/h2>\n<p>AccessiWidget am\u00e9liore l&#8217;accessibilit\u00e9 des sites aux utilisateurs souffrant d&#8217;un large \u00e9ventail de handicaps (non-voyants et malvoyants, personnes souffrant de troubles cognitifs, de troubles moteurs, d&#8217;\u00e9pilepsie, etc.), dans le respect des prescriptions WCAG 2.1, de la r\u00e9glementation europ\u00e9enne et fran\u00e7aise (RGAA 4.1).<br \/>\nPour cela, AccessiWay associe des services de conseils en accessibilit\u00e9 num\u00e9rique et une application bas\u00e9e sur de l\u2019intelligence artificielle qui s\u2019ex\u00e9cute en arri\u00e8re-plan pour optimiser constamment son niveau d\u2019accessibilit\u00e9.<br \/>\nLes am\u00e9liorations notables sont :<\/p>\n<ul>\n<li><strong>Navigation avec lecteur d&#8217;\u00e9cran et clavier :<\/strong><\/li>\n<\/ul>\n<p>Mise en \u0153uvre de la technique des attributs WAI-ARIA (Accessible Rich Internet Applications), ainsi que diff\u00e9rentes modifications comportementales, afin de garantir que les utilisateurs non-voyants qui visitent le site avec des lecteurs d&#8217;\u00e9cran puissent lire, comprendre et profiter de la totalit\u00e9 des fonctions du site.<\/p>\n<ul>\n<li><strong>Optimisation de la navigation au clavier :<\/strong><\/li>\n<\/ul>\n<p>Le processus d&#8217;arri\u00e8re-plan ajuste \u00e9galement le code HTML du site Web et ajoute divers comportements \u00e0 l&#8217;aide du code JavaScript pour rendre le site Web utilisable au clavier. Il est ainsi possible de naviguer sur le site \u00e0 l&#8217;aide des touches Tab et Shift+Tab, d&#8217;utiliser les listes d\u00e9roulantes avec les touches fl\u00e9ch\u00e9es, de les fermer avec Esc, de d\u00e9clencher des boutons et des liens \u00e0 l&#8217;aide de la touche entr\u00e9e.<\/p>\n<ul>\n<li><strong>Profils activables :<\/strong>\n<ul>\n<li><strong>Profil de s\u00e9curit\u00e9 pour l&#8217;\u00e9pilepsie :\u00a0 <\/strong>ce profil permet aux personnes \u00e9pileptiques d&#8217;utiliser le site web en toute s\u00e9curit\u00e9 en \u00e9liminant le risque de crises d&#8217;\u00e9pilepsie r\u00e9sultant d&#8217;animations clignotantes et de combinaisons de couleurs risqu\u00e9es.<\/li>\n<li><strong>Profil pour malvoyants :\u00a0 <\/strong>ce profil adapte le site web afin qu&#8217;il soit accessible \u00e0 la majorit\u00e9 des d\u00e9ficiences visuelles telles que la d\u00e9gradation de la vue, la vision en tunnel, la cataracte, le glaucome, etc.<\/li>\n<li><strong>Profil de handicap cognitif :\u00a0 <\/strong>ce profil fournit diverses fonctions d&#8217;assistance pour aider les utilisateurs souffrant de handicaps cognitifs tels que l&#8217;autisme, la dyslexie, l&#8217;AVC, et autres, \u00e0 se concentrer plus facilement sur les \u00e9l\u00e9ments essentiels.<\/li>\n<li><strong>Profil amical du TDAH :<\/strong> ce profil r\u00e9duit consid\u00e9rablement les distractions et le bruit, afin d&#8217;aider les personnes souffrant de TDAH et de troubles du d\u00e9veloppement neurologique \u00e0 naviguer, lire et se concentrer sur les \u00e9l\u00e9ments essentiels plus facilement.<\/li>\n<li><strong>Profil utilisateurs aveugles (lecteurs d&#8217;\u00e9cran) :<\/strong> ce profil adapte le site Web pour qu&#8217;il soit compatible avec les lecteurs d&#8217;\u00e9cran tels que JAWS, NVDA, VoiceOver et TalkBack.<\/li>\n<li><strong>Profil handicap moteur (navigation par clavier) :\u00a0 <\/strong>ce profil permet aux personnes \u00e0 mobilit\u00e9 r\u00e9duite d\u2019exploiter le site Web \u00e0 l\u2019aide du clavier et des touches Tab, Shift + Tab et les touches Entr\u00e9e. Les utilisateurs peuvent \u00e9galement utiliser des raccourcis tels que \u201cM\u201d (menus), \u201cH\u201d (en-t\u00eates), \u201cF\u201d (formulaires), \u201cB\u201d (boutons) et \u201cG\u201d (graphiques) pour acc\u00e9der \u00e0 des \u00e9l\u00e9ments sp\u00e9cifiques.<\/li>\n<\/ul>\n<\/li>\n<li><strong>Ajustements suppl\u00e9mentaires de l&#8217;interface utilisateur, de la conception et de la lisibilit\u00e9 :<\/strong>\n<ul>\n<li><strong>Ajustements de la police :\u00a0 <\/strong>les utilisateurs peuvent augmenter et diminuer sa taille, changer sa famille (type), ajuster l&#8217;espacement, l&#8217;alignement, la hauteur de ligne, etc.<\/li>\n<li><strong>Ajustements des couleurs :<\/strong> les utilisateurs peuvent s\u00e9lectionner diff\u00e9rents profils de contraste de couleurs tels que clair, fonc\u00e9, invers\u00e9 et monochrome. En outre, les utilisateurs peuvent interchanger les sch\u00e9mas de couleurs des titres, des textes et des arri\u00e8re-plans, avec plus de 7 options de coloration diff\u00e9rentes.<\/li>\n<li><strong>Animations :\u00a0 <\/strong>les utilisateurs \u00e9pileptiques peuvent arr\u00eater toutes les animations en cours en cliquant sur un bouton. Les animations contr\u00f4l\u00e9es par l&#8217;interface comprennent des vid\u00e9os, des GIF et des transitions CSS clignotantes.<\/li>\n<li><strong>Mise en \u00e9vidence du contenu :\u00a0 <\/strong>les utilisateurs peuvent choisir de mettre en \u00e9vidence les \u00e9l\u00e9ments importants tels que les liens et les titres. Ils peuvent \u00e9galement choisir de mettre en \u00e9vidence uniquement les \u00e9l\u00e9ments cibl\u00e9s ou survol\u00e9s.<\/li>\n<li><strong>Mise en sourdine de l&#8217;audio :\u00a0 <\/strong>les utilisateurs d&#8217;appareils auditifs peuvent souffrir de maux de t\u00eate ou d&#8217;autres probl\u00e8mes dus \u00e0 la lecture automatique de l&#8217;audio. Cette option permet aux utilisateurs de couper instantan\u00e9ment le son de l&#8217;ensemble du site Web.<\/li>\n<li><strong>Troubles cognitifs :\u00a0 <\/strong>AccessiWay utilise un moteur de recherche li\u00e9 \u00e0 Wikip\u00e9dia et \u00e0 Wiktionary, ce qui permet aux personnes souffrant de troubles cognitifs de d\u00e9chiffrer le sens des phrases, des initiales, de l&#8217;argot, etc.<\/li>\n<li><strong>Fonctions suppl\u00e9mentaires :<\/strong> AccessiWay offre aux utilisateurs la possibilit\u00e9 de modifier la couleur et la taille du curseur, d&#8217;utiliser un mode d&#8217;impression, d&#8217;activer un clavier virtuel, et bien d&#8217;autres fonctions.<\/li>\n<\/ul>\n<\/li>\n<\/ul>\n<h2><strong><br \/>\nRetour d\u2019information et contact<\/strong><\/h2>\n<p>Si vous n\u2019arrivez pas \u00e0 acc\u00e9der \u00e0 un contenu ou \u00e0 un service, vous pouvez contacter le responsable de <a href=\"\/nous-contacter\"><strong>Groupe Pierre &amp; Vacances-Center Parcs<\/strong><\/a>\u00a0pour \u00eatre orient\u00e9 vers une alternative accessible ou obtenir le contenu sous une autre forme.<\/p>\n<ul>\n<li>Envoyer un message<\/li>\n<li>Contacter\u00a0 <a href=\"\/nous-contacter\"><strong>Groupe Pierre &amp; Vacances-Center Parcs<\/strong><\/a><\/li>\n<\/ul>\n<h2><strong><br \/>\nVoies de recours<\/strong><\/h2>\n<p>Cette proc\u00e9dure est \u00e0 utiliser dans le cas suivant.<br \/>\nVous avez signal\u00e9 au responsable du site internet un d\u00e9faut d\u2019accessibilit\u00e9 qui vous emp\u00eache d&#8217;acc\u00e9der \u00e0 un contenu ou \u00e0 un des services du portail et vous n\u2019avez pas obtenu de r\u00e9ponse satisfaisante.<\/p>\n<ul>\n<li>\u00c9crire un message au D\u00e9fenseur des droits<\/li>\n<\/ul>\n<p><a href=\"https:\/\/formulaire.defenseurdesdroits.fr\/\">https:\/\/formulaire.defenseurdesdroits.fr\/<\/a><\/p>\n<ul>\n<li>Contacter le d\u00e9l\u00e9gu\u00e9 du D\u00e9fenseur des droits dans votre r\u00e9gion<\/li>\n<\/ul>\n<p><a href=\"https:\/\/www.defenseurdesdroits.fr\/saisir\/delegues\">https:\/\/www.defenseurdesdroits.fr\/saisir\/delegues<\/a><\/p>\n<ul>\n<li>Envoyer un courrier par la poste (gratuit, ne pas mettre de timbre)<\/li>\n<\/ul>\n<p>D\u00e9fenseur des droits<br \/>\nLibre r\u00e9ponse 71120<br \/>\n75342 Paris CEDEX 07<\/p>\n<p><!-- \/wp:paragraph --><\/p>\n    <\/div>\r\n<\/div>","protected":false},"excerpt":{"rendered":"","protected":false},"author":1,"featured_media":0,"parent":0,"menu_order":0,"comment_status":"closed","ping_status":"closed","template":"pages\/cms.php","meta":{"_acf_changed":false,"footnotes":""},"ppma_author":[211],"class_list":["post-26869","page","type-page","status-publish","hentry"],"acf":[],"yoast_head":"<!-- This site is optimized with the Yoast SEO plugin v25.5 - https:\/\/yoast.com\/wordpress\/plugins\/seo\/ -->\n<title>Digital accessibility - PVCP Group<\/title>\n<meta name=\"robots\" content=\"index, follow, max-snippet:-1, max-image-preview:large, max-video-preview:-1\" \/>\n<link rel=\"canonical\" href=\"https:\/\/www.groupepvcp.com\/en\/digital-accessibility\/\" \/>\n<meta property=\"og:locale\" content=\"en_US\" \/>\n<meta property=\"og:type\" content=\"article\" \/>\n<meta property=\"og:title\" content=\"Digital accessibility - PVCP Group\" \/>\n<meta property=\"og:url\" content=\"https:\/\/www.groupepvcp.com\/en\/digital-accessibility\/\" \/>\n<meta property=\"og:site_name\" content=\"PVCP Group\" \/>\n<meta property=\"article:publisher\" content=\"https:\/\/www.facebook.com\/pierreetvacances\/\" \/>\n<meta property=\"article:modified_time\" content=\"2026-04-08T17:34:35+00:00\" \/>\n<meta name=\"twitter:card\" content=\"summary_large_image\" \/>\n<script type=\"application\/ld+json\" class=\"yoast-schema-graph\">{\"@context\":\"https:\/\/schema.org\",\"@graph\":[{\"@type\":\"WebPage\",\"@id\":\"https:\/\/www.groupepvcp.com\/en\/digital-accessibility\/\",\"url\":\"https:\/\/www.groupepvcp.com\/en\/digital-accessibility\/\",\"name\":\"Digital accessibility - PVCP Group\",\"isPartOf\":{\"@id\":\"https:\/\/www.groupepvcp.com\/#website\"},\"datePublished\":\"2023-09-20T03:42:48+00:00\",\"dateModified\":\"2026-04-08T17:34:35+00:00\",\"breadcrumb\":{\"@id\":\"https:\/\/www.groupepvcp.com\/en\/digital-accessibility\/#breadcrumb\"},\"inLanguage\":\"en-US\",\"potentialAction\":[{\"@type\":\"ReadAction\",\"target\":[\"https:\/\/www.groupepvcp.com\/en\/digital-accessibility\/\"]}]},{\"@type\":\"BreadcrumbList\",\"@id\":\"https:\/\/www.groupepvcp.com\/en\/digital-accessibility\/#breadcrumb\",\"itemListElement\":[{\"@type\":\"ListItem\",\"position\":1,\"name\":\"Home\",\"item\":\"https:\/\/www.groupepvcp.com\/en\/\"},{\"@type\":\"ListItem\",\"position\":2,\"name\":\"Digital accessibility\"}]},{\"@type\":\"WebSite\",\"@id\":\"https:\/\/www.groupepvcp.com\/#website\",\"url\":\"https:\/\/www.groupepvcp.com\/\",\"name\":\"PVCP Group\",\"description\":\"Just another WordPress site\",\"publisher\":{\"@id\":\"https:\/\/www.groupepvcp.com\/#organization\"},\"potentialAction\":[{\"@type\":\"SearchAction\",\"target\":{\"@type\":\"EntryPoint\",\"urlTemplate\":\"https:\/\/www.groupepvcp.com\/?s={search_term_string}\"},\"query-input\":{\"@type\":\"PropertyValueSpecification\",\"valueRequired\":true,\"valueName\":\"search_term_string\"}}],\"inLanguage\":\"en-US\"},{\"@type\":\"Organization\",\"@id\":\"https:\/\/www.groupepvcp.com\/#organization\",\"name\":\"Groupe Pierre et Vacances\",\"url\":\"https:\/\/www.groupepvcp.com\/\",\"logo\":{\"@type\":\"ImageObject\",\"inLanguage\":\"en-US\",\"@id\":\"https:\/\/www.groupepvcp.com\/#\/schema\/logo\/image\/\",\"url\":\"https:\/\/groupepvcp.com\/app\/uploads\/2022\/11\/Logo-pv-groupe1.jpg\",\"contentUrl\":\"https:\/\/groupepvcp.com\/app\/uploads\/2022\/11\/Logo-pv-groupe1.jpg\",\"width\":1181,\"height\":591,\"caption\":\"Groupe Pierre et Vacances\"},\"image\":{\"@id\":\"https:\/\/www.groupepvcp.com\/#\/schema\/logo\/image\/\"},\"sameAs\":[\"https:\/\/www.facebook.com\/pierreetvacances\/\"]}]}<\/script>\n<!-- \/ Yoast SEO plugin. -->","yoast_head_json":{"title":"Digital accessibility - PVCP Group","robots":{"index":"index","follow":"follow","max-snippet":"max-snippet:-1","max-image-preview":"max-image-preview:large","max-video-preview":"max-video-preview:-1"},"canonical":"https:\/\/www.groupepvcp.com\/en\/digital-accessibility\/","og_locale":"en_US","og_type":"article","og_title":"Digital accessibility - PVCP Group","og_url":"https:\/\/www.groupepvcp.com\/en\/digital-accessibility\/","og_site_name":"PVCP Group","article_publisher":"https:\/\/www.facebook.com\/pierreetvacances\/","article_modified_time":"2026-04-08T17:34:35+00:00","twitter_card":"summary_large_image","schema":{"@context":"https:\/\/schema.org","@graph":[{"@type":"WebPage","@id":"https:\/\/www.groupepvcp.com\/en\/digital-accessibility\/","url":"https:\/\/www.groupepvcp.com\/en\/digital-accessibility\/","name":"Digital accessibility - PVCP Group","isPartOf":{"@id":"https:\/\/www.groupepvcp.com\/#website"},"datePublished":"2023-09-20T03:42:48+00:00","dateModified":"2026-04-08T17:34:35+00:00","breadcrumb":{"@id":"https:\/\/www.groupepvcp.com\/en\/digital-accessibility\/#breadcrumb"},"inLanguage":"en-US","potentialAction":[{"@type":"ReadAction","target":["https:\/\/www.groupepvcp.com\/en\/digital-accessibility\/"]}]},{"@type":"BreadcrumbList","@id":"https:\/\/www.groupepvcp.com\/en\/digital-accessibility\/#breadcrumb","itemListElement":[{"@type":"ListItem","position":1,"name":"Home","item":"https:\/\/www.groupepvcp.com\/en\/"},{"@type":"ListItem","position":2,"name":"Digital accessibility"}]},{"@type":"WebSite","@id":"https:\/\/www.groupepvcp.com\/#website","url":"https:\/\/www.groupepvcp.com\/","name":"PVCP Group","description":"Just another WordPress site","publisher":{"@id":"https:\/\/www.groupepvcp.com\/#organization"},"potentialAction":[{"@type":"SearchAction","target":{"@type":"EntryPoint","urlTemplate":"https:\/\/www.groupepvcp.com\/?s={search_term_string}"},"query-input":{"@type":"PropertyValueSpecification","valueRequired":true,"valueName":"search_term_string"}}],"inLanguage":"en-US"},{"@type":"Organization","@id":"https:\/\/www.groupepvcp.com\/#organization","name":"Groupe Pierre et Vacances","url":"https:\/\/www.groupepvcp.com\/","logo":{"@type":"ImageObject","inLanguage":"en-US","@id":"https:\/\/www.groupepvcp.com\/#\/schema\/logo\/image\/","url":"https:\/\/groupepvcp.com\/app\/uploads\/2022\/11\/Logo-pv-groupe1.jpg","contentUrl":"https:\/\/groupepvcp.com\/app\/uploads\/2022\/11\/Logo-pv-groupe1.jpg","width":1181,"height":591,"caption":"Groupe Pierre et Vacances"},"image":{"@id":"https:\/\/www.groupepvcp.com\/#\/schema\/logo\/image\/"},"sameAs":["https:\/\/www.facebook.com\/pierreetvacances\/"]}]}},"_links":{"self":[{"href":"https:\/\/www.groupepvcp.com\/en\/wp-json\/wp\/v2\/pages\/26869","targetHints":{"allow":["GET"]}}],"collection":[{"href":"https:\/\/www.groupepvcp.com\/en\/wp-json\/wp\/v2\/pages"}],"about":[{"href":"https:\/\/www.groupepvcp.com\/en\/wp-json\/wp\/v2\/types\/page"}],"author":[{"embeddable":true,"href":"https:\/\/www.groupepvcp.com\/en\/wp-json\/wp\/v2\/users\/1"}],"replies":[{"embeddable":true,"href":"https:\/\/www.groupepvcp.com\/en\/wp-json\/wp\/v2\/comments?post=26869"}],"version-history":[{"count":2,"href":"https:\/\/www.groupepvcp.com\/en\/wp-json\/wp\/v2\/pages\/26869\/revisions"}],"predecessor-version":[{"id":26872,"href":"https:\/\/www.groupepvcp.com\/en\/wp-json\/wp\/v2\/pages\/26869\/revisions\/26872"}],"wp:attachment":[{"href":"https:\/\/www.groupepvcp.com\/en\/wp-json\/wp\/v2\/media?parent=26869"}],"wp:term":[{"taxonomy":"author","embeddable":true,"href":"https:\/\/www.groupepvcp.com\/en\/wp-json\/wp\/v2\/ppma_author?post=26869"}],"curies":[{"name":"wp","href":"https:\/\/api.w.org\/{rel}","templated":true}]}}